{"id":26,"date":"2023-11-03T13:06:42","date_gmt":"2023-11-03T12:06:42","guid":{"rendered":"https:\/\/peruntransport.com\/?page_id=26"},"modified":"2023-11-09T15:23:31","modified_gmt":"2023-11-09T14:23:31","slug":"informacje","status":"publish","type":"page","link":"https:\/\/peruntransport.com\/en\/informacje\/","title":{"rendered":"About us"},"content":{"rendered":"<div class=\"wp-block-cover alignfull\" style=\"min-height:300px;aspect-ratio:unset;\"><span aria-hidden=\"true\" class=\"wp-block-cover__background has-nv-site-bg-background-color has-background-dim-100 has-background-dim\"><\/span><div class=\"wp-block-cover__inner-container is-layout-flow wp-block-cover-is-layout-flow\">\n<div class=\"wp-block-group\"><div class=\"wp-block-group__inner-container is-layout-flow wp-block-group-is-layout-flow\">\n<h1 class=\"wp-block-heading has-text-align-left has-neve-text-color-color has-text-color\">About us<\/h1>\n<\/div><\/div>\n<\/div><\/div>\n\n\n\n<div class=\"wp-block-cover alignfull\" style=\"min-height:600px;aspect-ratio:unset;\"><span aria-hidden=\"true\" class=\"wp-block-cover__background has-nv-light-bg-background-color has-background-dim-100 has-background-dim\"><\/span><div class=\"wp-block-cover__inner-container is-layout-flow wp-block-cover-is-layout-flow\">\n<div class=\"wp-block-group\"><div class=\"wp-block-group__inner-container is-layout-flow wp-block-group-is-layout-flow\">\n<div style=\"height:80px\" aria-hidden=\"true\" class=\"wp-block-spacer\"><\/div>\n\n\n\n<div class=\"wp-block-columns are-vertically-aligned-center is-layout-flex wp-container-core-columns-is-layout-9d6595d7 wp-block-columns-is-layout-flex\">\n<div class=\"wp-block-column is-vertically-aligned-center is-layout-flow wp-block-column-is-layout-flow\" style=\"flex-basis:50%\">\n<figure class=\"wp-block-image size-large\"><img loading=\"lazy\" decoding=\"async\" width=\"1024\" height=\"1024\" src=\"https:\/\/peruntransport.com\/wp-content\/uploads\/2023\/11\/o-nas1-1024x1024.png\" alt=\"\" class=\"wp-image-76\" srcset=\"https:\/\/peruntransport.com\/wp-content\/uploads\/2023\/11\/o-nas1-1024x1024.png 1024w, https:\/\/peruntransport.com\/wp-content\/uploads\/2023\/11\/o-nas1-300x300.png 300w, https:\/\/peruntransport.com\/wp-content\/uploads\/2023\/11\/o-nas1-150x150.png 150w, https:\/\/peruntransport.com\/wp-content\/uploads\/2023\/11\/o-nas1-768x768.png 768w, https:\/\/peruntransport.com\/wp-content\/uploads\/2023\/11\/o-nas1.png 1500w\" sizes=\"auto, (max-width: 1024px) 100vw, 1024px\" \/><\/figure>\n<\/div>\n\n\n\n<div class=\"wp-block-column is-vertically-aligned-center is-layout-flow wp-block-column-is-layout-flow\" style=\"flex-basis:50%\">\n<h2 class=\"wp-block-heading has-neve-text-color-color has-text-color\">Our story<\/h2>\n\n\n\n<p class=\"has-neve-text-color-color has-text-color has-medium-font-size\">Our adventure with transport and spedition was start at 2014, at first from full-time job then evolving to own company.<\/p>\n\n\n\n<p class=\"has-neve-text-color-color has-text-color\">From the beginning of work at in the industry we were focused on knowledge and competence as much as openness to people. Our work is not limited only to organizing transport, we help in the entire transport process, from selecting rolling stock to documentation (transport, customs or even accounting). We have never been an \"ordinary\" company, limiting ourselves to the bare minimum, we want to be your partner to make transport stress-free for you.<\/p>\n\n\n\n<p class=\"has-nv-dark-bg-color has-text-color has-link-color wp-elements-6a32ff1bbfb63e473c605d99ec15f466\">Our motto is \"Where no one can, Perun will help.\"<\/p>\n<\/div>\n<\/div>\n\n\n\n<div style=\"height:40px\" aria-hidden=\"true\" class=\"wp-block-spacer\"><\/div>\n<\/div><\/div>\n<\/div><\/div>\n\n\n\n<div class=\"wp-block-cover alignfull\" style=\"min-height:600px;aspect-ratio:unset;\"><span aria-hidden=\"true\" class=\"wp-block-cover__background has-nv-dark-bg-background-color has-background-dim-100 has-background-dim\"><\/span><div class=\"wp-block-cover__inner-container is-layout-flow wp-block-cover-is-layout-flow\">\n<div class=\"wp-block-group\"><div class=\"wp-block-group__inner-container is-layout-flow wp-block-group-is-layout-flow\">\n<div style=\"height:80px\" aria-hidden=\"true\" class=\"wp-block-spacer\"><\/div>\n\n\n\n<div class=\"wp-block-columns are-vertically-aligned-center is-layout-flex wp-container-core-columns-is-layout-9d6595d7 wp-block-columns-is-layout-flex\">\n<div class=\"wp-block-column is-vertically-aligned-center is-layout-flow wp-block-column-is-layout-flow\" style=\"flex-basis:50%\">\n<h2 class=\"wp-block-heading has-nv-text-dark-bg-color has-text-color\">Who is Perun?<\/h2>\n\n\n\n<p class=\"has-nv-text-dark-bg-color has-text-color\">Perun - the Slavic god of thunder and warriors, the leading deity in the pantheon. Thunderbolts were supposed to herald a harvest. Perun was also a supressor of dark forces.<\/p>\n\n\n\n<p class=\"has-nv-text-dark-bg-color has-text-color\">Tak jak Perun chroni\u0142 swoich wyznawc\u00f3w i pomaga\u0142 im zdobywa\u0107 najlepsze plony, tak my  chcemy zorganizowa\u0107 Tw\u00f3j transport, \u017ceby zawsze by\u0142 na czas i przebiega\u0142 bezproblemowo. A je\u015bli nawet pojawi\u0105 si\u0119 problemy pomo\u017cemy Ci je rozwi\u0105za\u0107 jak najszybciej, zgodnie z prawem i bez ponoszenia zb\u0119dnych koszt\u00f3w.<\/p>\n\n\n\n<div style=\"height:20px\" aria-hidden=\"true\" class=\"wp-block-spacer\"><\/div>\n\n\n\n<div class=\"wp-block-buttons is-layout-flex wp-block-buttons-is-layout-flex\">\n<div class=\"wp-block-button is-style-primary\"><a class=\"wp-block-button__link has-blush-bordeaux-gradient-background has-background wp-element-button\" href=\"https:\/\/peruntransport.com\/index.php\/contact\/\">Let's talk about transport<\/a><\/div>\n<\/div>\n\n\n\n<div style=\"height:20px\" aria-hidden=\"true\" class=\"wp-block-spacer\"><\/div>\n<\/div>\n\n\n\n<div class=\"wp-block-column is-vertically-aligned-center is-layout-flow wp-block-column-is-layout-flow\" style=\"flex-basis:50%\">\n<figure class=\"wp-block-image size-full\"><img loading=\"lazy\" decoding=\"async\" width=\"1024\" height=\"1024\" src=\"https:\/\/peruntransport.com\/wp-content\/uploads\/2023\/11\/b90befd2-4f4c-4b31-a232-a8e4b1d06d24.jpeg\" alt=\"\" class=\"wp-image-155\" srcset=\"https:\/\/peruntransport.com\/wp-content\/uploads\/2023\/11\/b90befd2-4f4c-4b31-a232-a8e4b1d06d24.jpeg 1024w, https:\/\/peruntransport.com\/wp-content\/uploads\/2023\/11\/b90befd2-4f4c-4b31-a232-a8e4b1d06d24-300x300.jpeg 300w, https:\/\/peruntransport.com\/wp-content\/uploads\/2023\/11\/b90befd2-4f4c-4b31-a232-a8e4b1d06d24-150x150.jpeg 150w, https:\/\/peruntransport.com\/wp-content\/uploads\/2023\/11\/b90befd2-4f4c-4b31-a232-a8e4b1d06d24-768x768.jpeg 768w\" sizes=\"auto, (max-width: 1024px) 100vw, 1024px\" \/><\/figure>\n<\/div>\n<\/div>\n\n\n\n<div style=\"height:40px\" aria-hidden=\"true\" class=\"wp-block-spacer\"><\/div>\n<\/div><\/div>\n<\/div><\/div>\n\n\n\n<div class=\"wp-block-cover alignfull\" style=\"min-height:420px;aspect-ratio:unset;\"><span aria-hidden=\"true\" class=\"wp-block-cover__background has-nv-site-bg-background-color has-background-dim-100 has-background-dim\"><\/span><div class=\"wp-block-cover__inner-container is-layout-flow wp-block-cover-is-layout-flow\">\n<div style=\"height:80px\" aria-hidden=\"true\" class=\"wp-block-spacer\"><\/div>\n\n\n\n<div class=\"wp-block-columns is-layout-flex wp-container-core-columns-is-layout-9d6595d7 wp-block-columns-is-layout-flex\">\n<div class=\"wp-block-column ticss-4ce656f1 is-layout-flow wp-block-column-is-layout-flow\">\n<figure class=\"wp-block-image is-resized icon-style is-style-rounded\"><img decoding=\"async\" src=\"https:\/\/peruntransport.com\/wp-content\/themes\/neve\/assets\/img\/starter-content\/icon-03.svg\" alt=\"\"\/><\/figure>\n\n\n\n<div style=\"height:24px\" aria-hidden=\"true\" class=\"wp-block-spacer\"><\/div>\n\n\n\n<h3 class=\"wp-block-heading has-text-align-left has-text-align-center has-neve-text-color-color has-text-color\">Engagement<\/h3>\n\n\n\n<p class=\"has-text-align-left has-neve-text-color-color has-text-color\" style=\"font-size:15px\">We organize transport from A to Z.<\/p>\n\n\n\n<div style=\"height:20px\" aria-hidden=\"true\" class=\"wp-block-spacer\"><\/div>\n<\/div>\n\n\n\n<div class=\"wp-block-column ticss-f6fc7494 is-layout-flow wp-block-column-is-layout-flow\">\n<figure class=\"wp-block-image is-resized icon-style is-style-rounded\"><img decoding=\"async\" src=\"https:\/\/peruntransport.com\/wp-content\/themes\/neve\/assets\/img\/starter-content\/icon-03.svg\" alt=\"\"\/><\/figure>\n\n\n\n<div style=\"height:24px\" aria-hidden=\"true\" class=\"wp-block-spacer\"><\/div>\n\n\n\n<h3 class=\"wp-block-heading has-text-align-left has-text-align-center has-neve-text-color-color has-text-color\">Knowledge<\/h3>\n\n\n\n<p class=\"has-text-align-left has-neve-text-color-color has-text-color\" style=\"font-size:15px\">We will not be surprised by any news.<\/p>\n\n\n\n<div style=\"height:20px\" aria-hidden=\"true\" class=\"wp-block-spacer\"><\/div>\n<\/div>\n\n\n\n<div class=\"wp-block-column ticss-a5b4df29 is-layout-flow wp-block-column-is-layout-flow\">\n<figure class=\"wp-block-image is-resized icon-style is-style-rounded\"><img decoding=\"async\" src=\"https:\/\/peruntransport.com\/wp-content\/themes\/neve\/assets\/img\/starter-content\/icon-03.svg\" alt=\"\"\/><\/figure>\n\n\n\n<div style=\"height:24px\" aria-hidden=\"true\" class=\"wp-block-spacer\"><\/div>\n\n\n\n<h3 class=\"wp-block-heading has-text-align-left has-text-align-center has-neve-text-color-color has-text-color\">Experience<\/h3>\n\n\n\n<p class=\"has-text-align-left has-neve-text-color-color has-text-color\" style=\"font-size:15px\">We have been operating on the market since 2014.<\/p>\n\n\n\n<div style=\"height:20px\" aria-hidden=\"true\" class=\"wp-block-spacer\"><\/div>\n<\/div>\n<\/div>\n\n\n\n<div style=\"height:30px\" aria-hidden=\"true\" class=\"wp-block-spacer\"><\/div>\n<\/div><\/div>","protected":false},"excerpt":{"rendered":"","protected":false},"author":2,"featured_media":0,"parent":0,"menu_order":0,"comment_status":"closed","ping_status":"closed","template":"","meta":{"neve_meta_sidebar":"","neve_meta_container":"","neve_meta_enable_content_width":"on","neve_meta_content_width":100,"neve_meta_title_alignment":"","neve_meta_author_avatar":"","neve_post_elements_order":"","neve_meta_disable_header":"","neve_meta_disable_footer":"","neve_meta_disable_title":"on","footnotes":""},"class_list":["post-26","page","type-page","status-publish","hentry"],"_links":{"self":[{"href":"https:\/\/peruntransport.com\/en\/wp-json\/wp\/v2\/pages\/26","targetHints":{"allow":["GET"]}}],"collection":[{"href":"https:\/\/peruntransport.com\/en\/wp-json\/wp\/v2\/pages"}],"about":[{"href":"https:\/\/peruntransport.com\/en\/wp-json\/wp\/v2\/types\/page"}],"author":[{"embeddable":true,"href":"https:\/\/peruntransport.com\/en\/wp-json\/wp\/v2\/users\/2"}],"replies":[{"embeddable":true,"href":"https:\/\/peruntransport.com\/en\/wp-json\/wp\/v2\/comments?post=26"}],"version-history":[{"count":9,"href":"https:\/\/peruntransport.com\/en\/wp-json\/wp\/v2\/pages\/26\/revisions"}],"predecessor-version":[{"id":175,"href":"https:\/\/peruntransport.com\/en\/wp-json\/wp\/v2\/pages\/26\/revisions\/175"}],"wp:attachment":[{"href":"https:\/\/peruntransport.com\/en\/wp-json\/wp\/v2\/media?parent=26"}],"curies":[{"name":"wp","href":"https:\/\/api.w.org\/{rel}","templated":true}]}}